{"id":7739,"date":"2021-11-25T16:30:22","date_gmt":"2021-11-25T16:30:22","guid":{"rendered":"https:\/\/next-at.ch\/?page_id=7739"},"modified":"2024-02-19T14:40:20","modified_gmt":"2024-02-19T14:40:20","slug":"datenschutz-bestimmungen-next-at","status":"publish","type":"page","link":"https:\/\/next-at.ch\/de\/datenschutz-bestimmungen-next-at\/","title":{"rendered":"Datenschutz-Bestimmungen Next-AT"},"content":{"rendered":"\t\t<div data-elementor-type=\"wp-page\" data-elementor-id=\"7739\" class=\"elementor elementor-7739 elementor-3\" data-elementor-post-type=\"page\">\n\t\t\t\t\t\t\t\t\t<section class=\"elementor-section elementor-top-section elementor-element elementor-element-28af246c elementor-section-boxed elementor-section-height-default elementor-section-height-default\" data-id=\"28af246c\" data-element_type=\"section\">\n\t\t\t\t\t\t<div class=\"elementor-container elementor-column-gap-default\">\n\t\t\t\t\t<div class=\"elementor-column elementor-col-100 elementor-top-column elementor-element elementor-element-7919135f\" data-id=\"7919135f\" data-element_type=\"column\">\n\t\t\t<div class=\"elementor-widget-wrap elementor-element-populated\">\n\t\t\t\t\t\t\t\t<div class=\"elementor-element elementor-element-175243b8 elementor-widget elementor-widget-text-editor\" data-id=\"175243b8\" data-element_type=\"widget\" data-widget_type=\"text-editor.default\">\n\t\t\t\t<div class=\"elementor-widget-container\">\n\t\t\t\t\t\t\t<h2><b>Cookie-Richtlinie von Next-AT SA<\/b><\/h2><p><span style=\"font-weight: 400;\">Dieser Text informiert die Nutzer \u00fcber die Technologien, mit denen diese Website die unten beschriebenen Zwecke verfolgt. Diese Technologien erm\u00f6glichen es dem Dateneigner, auf Informationen zuzugreifen und diese zu speichern (z. B. durch die Verwendung eines Cookies) oder Mittel auf dem Ger\u00e4t eines Nutzers zu verwenden (z.B. durch die Aktivierung eines Skripts), wenn dieser die Website besucht.<\/span><\/p><p><span style=\"font-weight: 400;\">Der Einfachheit halber werden alle diese Technologien in diesem Text als &#8222;Tracker&#8220; bezeichnet &#8211; es sei denn, es ist eine Differenzierung erforderlich.<\/span><\/p><p><span style=\"font-weight: 400;\">W\u00e4hrend Cookies beispielsweise sowohl in Web- als auch in mobilen Browsern verwendet werden k\u00f6nnen, w\u00e4re die Bezeichnung Cookies im Zusammenhang mit mobilen Anwendungen unzutreffend, da es sich um browserbasierte Tracker handelt. Aus diesem Grund wird der Begriff &#8222;Cookies&#8220; in diesem Text nur zur Bezeichnung dieser speziellen Art von Trackern verwendet.<\/span><\/p><p><span style=\"font-weight: 400;\">Einige Verwendungszwecke der Tracker k\u00f6nnen die Einwilligung des Nutzers erfordern. Die erteilte Einwilligung kann jederzeit ungehindert nach den in diesem Text enthaltenen Anweisungen zur\u00fcckgenommen werden.<\/span><\/p><p><span style=\"font-weight: 400;\">Diese Website verwendet Tracker, die direkt vom Dateneigner verwaltet werden (so genannte &#8222;First-Party&#8220;-Tracker), und Tracker, die von einem Dritten bereitgestellte Dienste zulassen (so genannte &#8222;Third-Party&#8220;-Tracker). Sofern in diesem Text nicht anders angegeben, k\u00f6nnen Drittanbieter auf die von ihnen verwalteten Tracker zugreifen.<\/span><\/p><p><span style=\"font-weight: 400;\">Die G\u00fcltigkeit und die Ablaufzeiten von Cookies und anderen \u00e4hnlichen Trackern k\u00f6nnen je nach der vom Dateneigner oder dem jeweiligen Anbieter festgelegten Lebensdauer variieren. Manche laufen bei Beendigung der Internetsitzung des Nutzers ab.<\/span><\/p><p><span style=\"font-weight: 400;\">Zus\u00e4tzlich zu den Beschreibungen in jeder der nachfolgenden Kategorien k\u00f6nnen die Nutzer genauere und aktualisierte Informationen zur Lebensdauer sowie weitere relevante Informationen &#8211; wie das Vorhandensein anderer Tracker &#8211; \u00fcber die Links zu den Datenschutzrichtlinien der jeweiligen Drittanbieter oder durch Kontaktaufnahme mit dem Dateneigner einsehen.<\/span><\/p><h3><b>Unbedingt erforderliche Ma\u00dfnahmen f\u00fcr den Betrieb dieser Website und die Bereitstellung der Serviceleistung<\/b><\/h3><p><span style=\"font-weight: 400;\">Diese Website verwendet so genannte &#8222;technische&#8220; Cookies und andere \u00e4hnliche Tracker, um Ma\u00dfnahmen durchzuf\u00fchren, die f\u00fcr den Betrieb oder die Bereitstellung der Serviceleistung unbedingt erforderlich sind.<\/span><\/p><h4><b>Third-party-Tracker<\/b><\/h4><ul><li style=\"font-weight: 400;\" aria-level=\"1\"><b>SPAM-Schutz<\/b><\/li><\/ul><h3><b>Weitere Ma\u00dfnahmen, die die Verwendung von Trackern vorsehen<\/b><\/h3><h4><b>Verbesserung der Erfahrung<\/b><\/h4><p><span style=\"font-weight: 400;\">Diese Website verwendet Tracker, um ein personalisiertes Benutzererlebnis zu erm\u00f6glichen, indem die Verwaltung der Pr\u00e4ferenzen verbessert und die Interaktion mit externen Netzwerken und Plattformen erm\u00f6glicht wird.<\/span><\/p><ul><li style=\"font-weight: 400;\" aria-level=\"1\"><b>Interaktion mit externen sozialen Netzwerken und Plattformen<\/b><\/li><\/ul><h4><b>Messung<\/b><\/h4><p><span style=\"font-weight: 400;\">Diese Website verwendet Tracker, um den Datenverkehr zu messen und das Nutzerverhalten zu analysieren, mit dem Ziel, die Serviceleistung zu verbessern.<\/span><\/p><ul><li style=\"font-weight: 400;\" aria-level=\"1\"><b>Analysen<\/b><\/li><li style=\"font-weight: 400;\" aria-level=\"1\"><b>Direkt von dieser Website verwaltete Analyseleistungen<\/b><\/li><\/ul><h4><b>Zielgruppen &amp; Werbung<\/b><\/h4><p><span style=\"font-weight: 400;\">Diese Website verwendet Tracker, um personalisierte Marketinginhalte anhand des Nutzerverhaltens zu erstellen und um Werbung zu betreiben, zu platzieren und zu verfolgen.<\/span><\/p><p><span style=\"font-weight: 400;\">Einige der vom Dateneigner genutzten Werbedienste halten sich an das <\/span><a href=\"https:\/\/iabeurope.eu\/transparency-consent-framework\/\"><span style=\"font-weight: 400;\">Rahmenwerk f\u00fcr Transparenz und Einverst\u00e4ndnis des IAB<\/span><\/a><span style=\"font-weight: 400;\">, eine Initiative, die verantwortungsvolle Datenschutzpraktiken in der gesamten digitalen Werbeindustrie f\u00f6rdert und den Nutzern mehr Transparenz und Kontrolle dar\u00fcber bietet, wie ihre Daten f\u00fcr die Verfolgung von Werbezwecken verwendet werden. Die Nutzer k\u00f6nnen ihre Werbepr\u00e4ferenzen jederzeit durch Zugriff \u00fcber das Fenster mit den Werbeeinstellungen im Cookie-Hinweis oder \u00fcber den entsprechenden Link auf dieser Website selbst bestimmen.<\/span><\/p><p><span style=\"font-weight: 400;\">Diese Webseite beteiligt sich am Rahmenwerk f\u00fcr Transparenz und Einverst\u00e4ndnis des europ\u00e4ischen IAB und erf\u00fcllt dessen Bestimmungen und Richtlinien. Diese Website nutzt Iubenda (Kennnummer 123) als Plattform f\u00fcr die Verwaltung von Einwilligungen.<\/span><\/p><h3><b>Verwaltung von Pr\u00e4ferenzen und Erteilung oder R\u00fccknahme von Einwilligungen<\/b><\/h3><p><span style=\"font-weight: 400;\">Es gibt verschiedene M\u00f6glichkeiten, Tracker-bezogene Pr\u00e4ferenzen zu verwalten und gegebenenfalls die Einwilligung zu erteilen oder zu widerrufen:<\/span><\/p><p><span style=\"font-weight: 400;\">Die Nutzer k\u00f6nnen ihre Pr\u00e4ferenzen in Bezug auf Tracker direkt \u00fcber ihre Ger\u00e4teeinstellungen verwalten, z. B. indem sie die Verwendung oder Speicherung von Trackern verbieten.<\/span><\/p><p><span style=\"font-weight: 400;\">Bei der Verwendung von Trackern in Folge einer Einwilligung k\u00f6nnen die Nutzer diese Einwilligung au\u00dferdem dadurch erteilen oder widerrufen, indem sie ihre Pr\u00e4ferenzen im Cookie-Hinweis festlegen oder durch die entsprechende Aktualisierung dieser Pr\u00e4ferenzen \u00fcber das jeweilige Widget f\u00fcr die Einwilligungen, sofern vorhanden.<\/span><\/p><p><span style=\"font-weight: 400;\">\u00dcber entsprechende Browser- oder Ger\u00e4tefunktionen k\u00f6nnen zuvor gespeicherte Tracker gel\u00f6scht werden, einschlie\u00dflich derer, die zur Erinnerung an die urspr\u00fcngliche Einwilligung des Nutzers verwendet wurden.<\/span><\/p><p><span style=\"font-weight: 400;\">Andere Tracker im lokalen Speicher des Browsers k\u00f6nnen durch L\u00f6schen des Browserverlaufs gel\u00f6scht werden.<\/span><\/p><p><span style=\"font-weight: 400;\">In Bezug auf Tracker von Drittanbietern k\u00f6nnen die Nutzer ihre Pr\u00e4ferenzen verwalten und ihre Einwilligung \u00fcber den entsprechenden Abmeldelink (sofern vorhanden), \u00fcber die in der Datenschutzrichtlinie des Drittanbieters angegebenen Wege oder durch Kontaktaufnahme mit dem Drittanbieter widerrufen.<\/span><\/p><h4><b>Tracker-Einstellungen suchen<\/b><\/h4><p><span style=\"font-weight: 400;\">Informationen \u00fcber die Verwaltung von Cookies in den g\u00e4ngigsten Browsern finden die Nutzer beispielsweise unter folgenden Adressen:<\/span><\/p><ul><li style=\"font-weight: 400;\" aria-level=\"1\"><a href=\"https:\/\/support.google.com\/chrome\/answer\/95647?hl=en&amp;p=cpn_cookies\"><span style=\"font-weight: 400;\">Google Chrome<\/span><\/a><\/li><li style=\"font-weight: 400;\" aria-level=\"1\"><a href=\"https:\/\/support.mozilla.org\/en-US\/kb\/enable-and-disable-cookies-website-preferences\"><span style=\"font-weight: 400;\">Mozilla Firefox<\/span><\/a><\/li><li style=\"font-weight: 400;\" aria-level=\"1\"><a href=\"https:\/\/support.apple.com\/guide\/safari\/manage-cookies-and-website-data-sfri11471\/\"><span style=\"font-weight: 400;\">Apple Safari<\/span><\/a><\/li><li style=\"font-weight: 400;\" aria-level=\"1\"><a href=\"http:\/\/windows.microsoft.com\/en-us\/windows-vista\/block-or-allow-cookies\"><span style=\"font-weight: 400;\">Microsoft Internet Explorer<\/span><\/a><\/li><li style=\"font-weight: 400;\" aria-level=\"1\"><a href=\"https:\/\/support.microsoft.com\/en-us\/help\/4027947\"><span style=\"font-weight: 400;\">Microsoft Edge<\/span><\/a><\/li><li style=\"font-weight: 400;\" aria-level=\"1\"><a href=\"https:\/\/support.brave.com\/hc\/en-us\/articles\/360022806212-How-do-I-use-Shields-while-browsing\"><span style=\"font-weight: 400;\">Brave<\/span><\/a><\/li><li style=\"font-weight: 400;\" aria-level=\"1\"><a href=\"https:\/\/help.opera.com\/en\/latest\/web-preferences\/%23cookies\"><span style=\"font-weight: 400;\">Opera<\/span><\/a><\/li><\/ul><p><span style=\"font-weight: 400;\">Die Nutzer k\u00f6nnen auch bestimmte Kategorien von Trackern, die auf Handy-Applikationen verwendet werden, durch Abmelden \u00fcber die entsprechenden Ger\u00e4teeinstellungen verwalten, wie z.B. die Werbeeinstellungen des mobilen Ger\u00e4ts oder Tracking-Einstellungen im Allgemeinen (dazu k\u00f6nnen die Benutzer die Ger\u00e4teeinstellungen \u00f6ffnen und nach der entsprechenden Einstellung suchen).<\/span><\/p><h4><b>Spezifische Abmeldem\u00f6glichkeiten der Werbebranche<\/b><\/h4><p><span style=\"font-weight: 400;\">Ungeachtet des Vorangesagten k\u00f6nnen die Nutzer den Anweisungen von <\/span><a href=\"http:\/\/www.youronlinechoices.eu\/\"><span style=\"font-weight: 400;\">YourOnlineChoices<\/span><\/a><span style=\"font-weight: 400;\"> (EU), the <\/span><a href=\"https:\/\/www.networkadvertising.org\/understanding-digital-advertising\"><span style=\"font-weight: 400;\">Network Advertising Initiative<\/span><\/a><span style=\"font-weight: 400;\"> (USA) und the <\/span><a href=\"https:\/\/www.aboutads.info\/consumers\/\"><span style=\"font-weight: 400;\">Digital Advertising Alliance<\/span><\/a><span style=\"font-weight: 400;\"> (USA), <\/span><a href=\"https:\/\/youradchoices.ca\/understanding-online-advertising\/\"><span style=\"font-weight: 400;\">DAAC<\/span><\/a><span style=\"font-weight: 400;\"> (Kanada), <\/span><a href=\"http:\/\/www.ddai.info\/optout\"><span style=\"font-weight: 400;\">DDAI<\/span><\/a><span style=\"font-weight: 400;\"> (Japan) und \u00e4hnlichen Serviceanbietern folgen<\/span><span style=\"font-weight: 400;\">.<\/span><span style=\"font-weight: 400;\"> Mithilfe dieser Initiativen k\u00f6nnen die Nutzer Tracking-Pr\u00e4ferenzen f\u00fcr die meisten Werbetools auszuw\u00e4hlen. Der Dateneigner empfiehlt den Nutzern daher, diese Hilfsmittel zus\u00e4tzlich zu den in diesem Text enthaltenen Informationen zu nutzen.<\/span><\/p><p><span style=\"font-weight: 400;\">Die Digital Advertising Alliance bietet eine Anwendung mit dem Namen <\/span><a href=\"https:\/\/youradchoices.com\/appchoices\"><span style=\"font-weight: 400;\">AppChoices<\/span><\/a><span style=\"font-weight: 400;\"> an, die den Nutzern hilft, interessenbezogene Werbung in Handy-Applikationen zu kontrollieren.<\/span><\/p><h3><b>Dateneigner und Datenkontrolleur<\/b><\/h3><p><span style=\"font-weight: 400;\">NEXT-AT SA \u2022\u00a0<\/span><\/p><p>Maria Ghioldi-Schweizer, 2<\/p><p>CH-6850 Mendrisio<\/p><p><span style=\"font-weight: 400;\">Schweiz<\/span><\/p><p><b>E-Mail-Adresse des Dateneigner:<\/b><span style=\"font-weight: 400;\"> info@next-at.ch<\/span><\/p><p><span style=\"font-weight: 400;\">Da die Verwendung der Tracker von Drittanbietern auf dieser Website vom Dateneigner nicht genau kontrolliert werden kann, sind alle konkreten Verweise auf Tracker von Drittanbietern als unverbindlich zu erachten. Um vollst\u00e4ndige Informationen zu erhalten, werden die Nutzer gebeten, die Datenschutzrichtlinien der jeweiligen in diesem Text aufgef\u00fchrten Drittanbieter zu konsultieren.<\/span><\/p><p><span style=\"font-weight: 400;\">Angesichts der gro\u00dfen Komplexit\u00e4t der Tracking-Technologien sollten sich der Nutzer mit dem Dateneigner in Verbindung setzen, wenn er weitere Informationen \u00fcber die Verwendung solcher Technologien durch diese Website erhalten m\u00f6chten.<\/span><\/p><h3>\u00a0<\/h3><h1><span style=\"font-weight: 400;\">Cookie-Richtlinie von <\/span><b>Next-AT SA<\/b><\/h1><p><span style=\"font-weight: 400;\">Diese Webseite sammelt personenbezogene Daten von ihren Nutzern.<\/span><\/p><h2><b>Personenbezogene Daten, die f\u00fcr die folgenden Zwecke und mithilfe der folgenden Serviceleistungen gesammelt werden<\/b><\/h2><ul><li style=\"font-weight: 400;\" aria-level=\"2\"><b>Analysen<\/b><ul><li style=\"font-weight: 400;\" aria-level=\"3\"><b>Histats und Matomo<\/b><b><br \/><\/b><span style=\"font-weight: 400;\">Personenbezogene Daten: Cookies; Nutzungsdaten<\/span><\/li><\/ul><\/li><li style=\"font-weight: 400;\" aria-level=\"2\"><b>Kontaktaufnahme mit dem Nutzer<\/b><ul><li style=\"font-weight: 400;\" aria-level=\"3\"><b>Kontaktformular<\/b><b><br \/><\/b><span style=\"font-weight: 400;\">Personenbezogene Daten: Adresse; Stadt; Firmenname; Land; E-Mail-Adresse; Vorname; Nachname; Telefonnummer; Bundesland; verschiedene Arten von Daten; PLZ\/Postleitzahl<\/span><\/li><li style=\"font-weight: 400;\" aria-level=\"3\"><b>Mailingliste oder Newsletter<\/b><b><br \/><\/b><span style=\"font-weight: 400;\">Personenbezogene Daten: Firmenname; Land; E-Mail-Adresse; Vorname; Nachname<\/span><\/li><li style=\"font-weight: 400;\" aria-level=\"3\"><b>Telefonkontakt<\/b><b><br \/><\/b><span style=\"font-weight: 400;\">Personenbezogene Daten<\/span><span style=\"font-weight: 400;\">: Telefonnummer<\/span><\/li><\/ul><\/li><li style=\"font-weight: 400;\" aria-level=\"2\"><b>Inhalte von externen Plattformen anzeigen<\/b><ul><li style=\"font-weight: 400;\" aria-level=\"3\"><b>Google Fonts<\/b><b><br \/><\/b><span style=\"font-weight: 400;\">Personenbezogene Daten: Nutzungsdaten; verschiedene Arten von Daten, wie in den Datenschutzbestimmungen der Serviceleistung angegeben<\/span><\/li><\/ul><\/li><li style=\"font-weight: 400;\" aria-level=\"2\"><b>Interaktion mit externen sozialen Netzwerken und Plattformen<\/b><ul><li style=\"font-weight: 400;\" aria-level=\"3\"><b>Facebook Like-Button und soziale Widgets und LinkedIn-Button und soziale Widgets<\/b><b><br \/><\/b><span style=\"font-weight: 400;\">Personenbezogenen Daten: Cookies; Nutzungsdaten<\/span><\/li><\/ul><\/li><li style=\"font-weight: 400;\" aria-level=\"2\"><b>SPAM-Schutz<\/b><ul><li style=\"font-weight: 400;\" aria-level=\"3\"><b>Google reCAPTCHA<\/b><b><br \/><\/b><span style=\"font-weight: 400;\">Personenbezogene Daten: Cookies; Nutzungsdaten<\/span><\/li><\/ul><\/li><\/ul><h2><b>Kontaktinformation<\/b><\/h2><ul><li style=\"font-weight: 400;\" aria-level=\"2\"><b>Dateneigner und Datenkontrolleur<\/b><b><br \/><\/b><span style=\"font-weight: 400;\">NEXT-AT SA \u2022 FLUGT\u00dcCHTIGKEITSTECHNIK<\/span><span style=\"font-weight: 400;\"><br \/><\/span><span style=\"font-weight: 400;\">Via Arbostra, 9<\/span><span style=\"font-weight: 400;\"><br \/><\/span><span style=\"font-weight: 400;\">CH-6963 Pregassona<\/span><span style=\"font-weight: 400;\"><br \/><\/span><span style=\"font-weight: 400;\">Schweiz<\/span><span style=\"font-weight: 400;\"><br \/><\/span><b>E-Mail-Adresse des Dateneigners:<\/b> <a href=\"mailto:info@next-at.ch\"><span style=\"font-weight: 400;\">info@next-at.ch<\/span><\/a><\/li><\/ul><h1>\u00a0<\/h1><h3><b>Definitionen und Rechtshinweise<\/b><\/h3><h4><b>Personenbezogene Daten (oder Daten)<\/b><\/h4><p><span style=\"font-weight: 400;\">Jede Information, die direkt, indirekt oder in Verbindung mit anderen Informationen &#8211; einschlie\u00dflich einer pers\u00f6nlichen Identifikationsnummer &#8211; die Identifizierung oder Identifizierbarkeit einer nat\u00fcrlichen Person erm\u00f6glicht.<\/span><\/p><h4><b>Nutzungsdaten<\/b><\/h4><p><span style=\"font-weight: 400;\">Informationen, die automatisch durch diese Website (oder durch auf dieser Webseite verwendete Dienste von Drittanbietern) gesammelt werden, wie z. B.: die IP-Adressen oder Domain-Namen der von den Nutzern dieser Website verwendeten Computer, die URI-Adressen (Uniform Resource Identifier), die Uhrzeit der Anfrage, die zur \u00dcbermittlung der Anfrage an den Server verwendete Methode, die Gr\u00f6\u00dfe der als Antwort erhaltenen Datei, den numerischen Code, der den Status der Antwort des Servers angibt (erfolgreiches Ergebnis, Fehler usw.), das Herkunftsland, die Merkmale des vom Nutzer verwendeten Browsers und des Betriebssystems, die verschiedenen Zeitangaben pro Besuch (z. B. die Zeit, die auf jeder Seite innerhalb der Anwendung verbracht wurde) und die Angaben zum Pfad, dem innerhalb der Anwendung gefolgt wurde, mit besonderem Bezug auf die Reihenfolge der besuchten Seiten, sowie andere Parameter \u00fcber das Betriebssystem des Ger\u00e4ts und\/oder die Systemumgebung des Benutzers.<\/span><\/p><h4><b>Nutzer<\/b><\/h4><p><span style=\"font-weight: 400;\">Die Person, die diese Website nutzt und die, sofern nicht anders vermerkt, mit der betroffenen Person \u00fcbereinstimmt.<\/span><\/p><h4><b>Betroffene Person<\/b><\/h4><p><span style=\"font-weight: 400;\">Die nat\u00fcrliche Person, auf die sich die personenbezogenen Daten beziehen.<\/span><\/p><h4><b>Datenverarbeiter (oder Datenschutzbeauftragter)<\/b><\/h4><p><span style=\"font-weight: 400;\">Die nat\u00fcrliche oder juristische Person, Beh\u00f6rde, Einrichtung oder sonstige Stelle, die personenbezogene Daten im Auftrag des Datenkontrolleurs wie in dieser Datenschutzrichtlinie beschrieben verarbeitet.<\/span><\/p><h4><b>Datenkontrolleur (oder Dateneigner)<\/b><\/h4><p><span style=\"font-weight: 400;\">Die nat\u00fcrliche oder juristische Person, Beh\u00f6rde, Einrichtung oder sonstige Stelle, die allein oder gemeinsam mit anderen \u00fcber die Zwecke und Mittel der Verarbeitung personenbezogener Daten, einschlie\u00dflich der Sicherheitsma\u00dfnahmen f\u00fcr den Betrieb und die Nutzung dieser Website, entscheidet. Der Datenkontrolleur ist, wenn nicht anders angegeben, der Dateneigner dieser Webseite.<\/span><\/p><h4><b>Diese Webseite (oder diese Anwendung)<\/b><\/h4><p><span style=\"font-weight: 400;\">Die Mittel mit denen die personenbezogenen Daten des Nutzers gesammelt und verarbeitet werden.<\/span><\/p><h4><b>Serviceleistung<\/b><\/h4><p><span style=\"font-weight: 400;\">Der von dieser Website angebotene, in den entsprechenden Gesch\u00e4ftsbedingungen (falls vorhanden) und auf dieser Website\/Anwendung beschriebene Service.<\/span><\/p><h4><b>Europ\u00e4ische Union (oder EU)<\/b><\/h4><p><span style=\"font-weight: 400;\">Sofern nicht anders angegeben, umfassen alle Verweise auf die Europ\u00e4ische Union in diesem Text alle derzeitigen Mitgliedstaaten der Europ\u00e4ischen Union und des Europ\u00e4ischen Wirtschaftsraums.<\/span><\/p><h4><b>Cookie<\/b><\/h4><p><span style=\"font-weight: 400;\">Cookies sind Tracker, die aus kleinen Datens\u00e4tzen bestehen, die im Browser des Nutzers gespeichert werden.<\/span><\/p><h4><b>Tracker<\/b><\/h4><p><span style=\"font-weight: 400;\">Als Tracker wird jede Technologie bezeichnet &#8211; z. B. Cookies, eindeutige Kennungen, Z\u00e4hlpixel, eingebettete Skripte, E-Tags und Fingerabdr\u00fccke -, die die Verfolgung von Nutzern erm\u00f6glicht, z. B. durch Zugriff auf oder Speicherung von Informationen auf dem Ger\u00e4t des Nutzers.<\/span><\/p><h4><b>Rechtshinweise<\/b><\/h4><p><span style=\"font-weight: 400;\">Diese Datenschutzerkl\u00e4rung wurde unter Ber\u00fccksichtigung der Bestimmungen mehrerer Gesetze erstellt, darunter Art. 13\/14 der EU-Verordnung 2016\/679 (Datenschutz-Grundverordnung).<\/span><\/p><p><span style=\"font-weight: 400;\">Sofern in diesem Text nicht anders vermerkt, bezieht sich diese Datenschutzrichtlinie ausschlie\u00dflich auf diese Website-<\/span><\/p><h1>\u00a0<\/h1>\t\t\t\t\t\t<\/div>\n\t\t\t\t<\/div>\n\t\t\t\t\t<\/div>\n\t\t<\/div>\n\t\t\t\t\t\t\t<\/div>\n\t\t<\/section>\n\t\t\t\t\t\t\t<\/div>\n\t\t","protected":false},"excerpt":{"rendered":"<p>Cookie-Richtlinie von Next-AT SA Dieser Text informiert die Nutzer \u00fcber die Technologien, mit denen diese Website die unten beschriebenen Zwecke verfolgt. Diese Technologien erm\u00f6glichen es dem Dateneigner, auf Informationen zuzugreifen und diese zu speichern (z. B. durch die Verwendung eines Cookies) oder Mittel auf dem Ger\u00e4t eines Nutzers zu verwenden (z.B. durch die Aktivierung eines [&hellip;]<\/p>\n","protected":false},"author":2,"featured_media":0,"parent":0,"menu_order":0,"comment_status":"closed","ping_status":"open","template":"","meta":{"footnotes":""},"class_list":["post-7739","page","type-page","status-publish","hentry"],"aioseo_notices":[],"_links":{"self":[{"href":"https:\/\/next-at.ch\/de\/wp-json\/wp\/v2\/pages\/7739","targetHints":{"allow":["GET"]}}],"collection":[{"href":"https:\/\/next-at.ch\/de\/wp-json\/wp\/v2\/pages"}],"about":[{"href":"https:\/\/next-at.ch\/de\/wp-json\/wp\/v2\/types\/page"}],"author":[{"embeddable":true,"href":"https:\/\/next-at.ch\/de\/wp-json\/wp\/v2\/users\/2"}],"replies":[{"embeddable":true,"href":"https:\/\/next-at.ch\/de\/wp-json\/wp\/v2\/comments?post=7739"}],"version-history":[{"count":6,"href":"https:\/\/next-at.ch\/de\/wp-json\/wp\/v2\/pages\/7739\/revisions"}],"predecessor-version":[{"id":173945,"href":"https:\/\/next-at.ch\/de\/wp-json\/wp\/v2\/pages\/7739\/revisions\/173945"}],"wp:attachment":[{"href":"https:\/\/next-at.ch\/de\/wp-json\/wp\/v2\/media?parent=7739"}],"curies":[{"name":"wp","href":"https:\/\/api.w.org\/{rel}","templated":true}]}}